{"id":14097,"date":"2026-03-25T06:44:47","date_gmt":"2026-03-25T06:44:47","guid":{"rendered":"https:\/\/memorableplace.shop\/?post_type=product&#038;p=14097"},"modified":"2026-03-25T07:21:07","modified_gmt":"2026-03-25T07:21:07","slug":"magic-wonder-balm%e2%9c%a8judith-williams-cosmetics","status":"publish","type":"product","link":"https:\/\/memorableplace.shop\/de\/produkt\/magic-wonder-balm%e2%9c%a8judith-williams-cosmetics\/","title":{"rendered":"Magischer Wunderbalsam\u2728Judith Williams Cosmetics"},"content":{"rendered":"<div data-elementor-type=\"product-post\" data-elementor-id=\"14097\" class=\"elementor elementor-14097\" data-elementor-post-type=\"product\">\n\t\t\t\t<div class=\"elementor-element elementor-element-48aafe70 e-grid e-con-boxed e-con e-parent\" data-id=\"48aafe70\" data-element_type=\"container\" data-settings=\"{&quot;ekit_has_onepagescroll_dot&quot;:&quot;yes&quot;}\">\n\t\t\t\t\t<div class=\"e-con-inner\">\n\t\t\t\t<div class=\"elementor-element elementor-element-74ecb3 elementor-widget elementor-widget-image\" data-id=\"74ecb3\" data-element_type=\"widget\" data-settings=\"{&quot;ekit_we_effect_on&quot;:&quot;none&quot;}\" data-widget_type=\"image.default\">\n\t\t\t\t<div class=\"elementor-widget-container\">\n\t\t\t\t\t\t\t\t\t\t\t\t\t\t\t<img loading=\"lazy\" decoding=\"async\" width=\"358\" height=\"448\" src=\"https:\/\/memorableplace.shop\/wp-content\/uploads\/2026\/03\/088a18fe-be37-46a6-9e16-9e0152152e77-1.png\" class=\"attachment-full size-full wp-image-14107 wvs-archive-product-image\" alt=\"\" srcset=\"https:\/\/memorableplace.shop\/wp-content\/uploads\/2026\/03\/088a18fe-be37-46a6-9e16-9e0152152e77-1.png 358w, https:\/\/memorableplace.shop\/wp-content\/uploads\/2026\/03\/088a18fe-be37-46a6-9e16-9e0152152e77-1-240x300.png 240w, https:\/\/memorableplace.shop\/wp-content\/uploads\/2026\/03\/088a18fe-be37-46a6-9e16-9e0152152e77-1-10x12.png 10w, https:\/\/memorableplace.shop\/wp-content\/uploads\/2026\/03\/088a18fe-be37-46a6-9e16-9e0152152e77-1-1x1.png 1w, https:\/\/memorableplace.shop\/wp-content\/uploads\/2026\/03\/088a18fe-be37-46a6-9e16-9e0152152e77-1-8x10.png 8w\" sizes=\"auto, (max-width: 358px) 100vw, 358px\" \/>\t\t\t\t\t\t\t\t\t\t\t\t\t\t\t<\/div>\n\t\t\t\t<\/div>\n\t\t\t\t<div class=\"elementor-element elementor-element-ee7c1a elementor-widget elementor-widget-image\" data-id=\"ee7c1a\" data-element_type=\"widget\" data-settings=\"{&quot;ekit_we_effect_on&quot;:&quot;none&quot;}\" data-widget_type=\"image.default\">\n\t\t\t\t<div class=\"elementor-widget-container\">\n\t\t\t\t\t\t\t\t\t\t\t\t\t\t\t<img loading=\"lazy\" decoding=\"async\" width=\"357\" height=\"447\" src=\"https:\/\/memorableplace.shop\/wp-content\/uploads\/2026\/03\/9c7874e5-840e-4cfb-8064-49d377ba2a27-1.png\" class=\"attachment-large size-large wp-image-14108 wvs-archive-product-image\" alt=\"\" srcset=\"https:\/\/memorableplace.shop\/wp-content\/uploads\/2026\/03\/9c7874e5-840e-4cfb-8064-49d377ba2a27-1.png 357w, https:\/\/memorableplace.shop\/wp-content\/uploads\/2026\/03\/9c7874e5-840e-4cfb-8064-49d377ba2a27-1-240x300.png 240w, https:\/\/memorableplace.shop\/wp-content\/uploads\/2026\/03\/9c7874e5-840e-4cfb-8064-49d377ba2a27-1-10x12.png 10w, https:\/\/memorableplace.shop\/wp-content\/uploads\/2026\/03\/9c7874e5-840e-4cfb-8064-49d377ba2a27-1-1x1.png 1w, https:\/\/memorableplace.shop\/wp-content\/uploads\/2026\/03\/9c7874e5-840e-4cfb-8064-49d377ba2a27-1-8x10.png 8w\" sizes=\"auto, (max-width: 357px) 100vw, 357px\" \/>\t\t\t\t\t\t\t\t\t\t\t\t\t\t\t<\/div>\n\t\t\t\t<\/div>\n\t\t\t\t<div class=\"elementor-element elementor-element-7d50fa2f elementor-widget elementor-widget-image\" data-id=\"7d50fa2f\" data-element_type=\"widget\" data-settings=\"{&quot;ekit_we_effect_on&quot;:&quot;none&quot;}\" data-widget_type=\"image.default\">\n\t\t\t\t<div class=\"elementor-widget-container\">\n\t\t\t\t\t\t\t\t\t\t\t\t\t\t\t<img loading=\"lazy\" decoding=\"async\" width=\"359\" height=\"450\" src=\"https:\/\/memorableplace.shop\/wp-content\/uploads\/2026\/03\/d16a3e9e-758a-4201-9fe7-b995eda13eb9-1.png\" class=\"attachment-large size-large wp-image-14109 wvs-archive-product-image\" alt=\"\" srcset=\"https:\/\/memorableplace.shop\/wp-content\/uploads\/2026\/03\/d16a3e9e-758a-4201-9fe7-b995eda13eb9-1.png 359w, https:\/\/memorableplace.shop\/wp-content\/uploads\/2026\/03\/d16a3e9e-758a-4201-9fe7-b995eda13eb9-1-239x300.png 239w, https:\/\/memorableplace.shop\/wp-content\/uploads\/2026\/03\/d16a3e9e-758a-4201-9fe7-b995eda13eb9-1-10x12.png 10w, https:\/\/memorableplace.shop\/wp-content\/uploads\/2026\/03\/d16a3e9e-758a-4201-9fe7-b995eda13eb9-1-1x1.png 1w, https:\/\/memorableplace.shop\/wp-content\/uploads\/2026\/03\/d16a3e9e-758a-4201-9fe7-b995eda13eb9-1-8x10.png 8w\" sizes=\"auto, (max-width: 359px) 100vw, 359px\" \/>\t\t\t\t\t\t\t\t\t\t\t\t\t\t\t<\/div>\n\t\t\t\t<\/div>\n\t\t\t\t<div class=\"elementor-element elementor-element-36576274 elementor-widget elementor-widget-image\" data-id=\"36576274\" data-element_type=\"widget\" data-settings=\"{&quot;ekit_we_effect_on&quot;:&quot;none&quot;}\" data-widget_type=\"image.default\">\n\t\t\t\t<div class=\"elementor-widget-container\">\n\t\t\t\t\t\t\t\t\t\t\t\t\t\t\t<img loading=\"lazy\" decoding=\"async\" width=\"360\" height=\"450\" src=\"https:\/\/memorableplace.shop\/wp-content\/uploads\/2026\/03\/05250853-fa4a-4a4b-89ec-5167f7e2f710.png\" class=\"attachment-large size-large wp-image-14110 wvs-archive-product-image\" alt=\"\" srcset=\"https:\/\/memorableplace.shop\/wp-content\/uploads\/2026\/03\/05250853-fa4a-4a4b-89ec-5167f7e2f710.png 360w, https:\/\/memorableplace.shop\/wp-content\/uploads\/2026\/03\/05250853-fa4a-4a4b-89ec-5167f7e2f710-240x300.png 240w, https:\/\/memorableplace.shop\/wp-content\/uploads\/2026\/03\/05250853-fa4a-4a4b-89ec-5167f7e2f710-10x12.png 10w, https:\/\/memorableplace.shop\/wp-content\/uploads\/2026\/03\/05250853-fa4a-4a4b-89ec-5167f7e2f710-1x1.png 1w, https:\/\/memorableplace.shop\/wp-content\/uploads\/2026\/03\/05250853-fa4a-4a4b-89ec-5167f7e2f710-8x10.png 8w\" sizes=\"auto, (max-width: 360px) 100vw, 360px\" \/>\t\t\t\t\t\t\t\t\t\t\t\t\t\t\t<\/div>\n\t\t\t\t<\/div>\n\t\t\t\t<div class=\"elementor-element elementor-element-18247cf1 elementor-widget elementor-widget-image\" data-id=\"18247cf1\" data-element_type=\"widget\" data-settings=\"{&quot;ekit_we_effect_on&quot;:&quot;none&quot;}\" data-widget_type=\"image.default\">\n\t\t\t\t<div class=\"elementor-widget-container\">\n\t\t\t\t\t\t\t\t\t\t\t\t\t\t\t<img loading=\"lazy\" decoding=\"async\" width=\"357\" height=\"448\" src=\"https:\/\/memorableplace.shop\/wp-content\/uploads\/2026\/03\/d15f19cf-3c71-4e4d-8433-d89b429859f3.png\" class=\"attachment-large size-large wp-image-14111 wvs-archive-product-image\" alt=\"\" srcset=\"https:\/\/memorableplace.shop\/wp-content\/uploads\/2026\/03\/d15f19cf-3c71-4e4d-8433-d89b429859f3.png 357w, https:\/\/memorableplace.shop\/wp-content\/uploads\/2026\/03\/d15f19cf-3c71-4e4d-8433-d89b429859f3-239x300.png 239w, https:\/\/memorableplace.shop\/wp-content\/uploads\/2026\/03\/d15f19cf-3c71-4e4d-8433-d89b429859f3-10x12.png 10w, https:\/\/memorableplace.shop\/wp-content\/uploads\/2026\/03\/d15f19cf-3c71-4e4d-8433-d89b429859f3-1x1.png 1w, https:\/\/memorableplace.shop\/wp-content\/uploads\/2026\/03\/d15f19cf-3c71-4e4d-8433-d89b429859f3-8x10.png 8w\" sizes=\"auto, (max-width: 357px) 100vw, 357px\" \/>\t\t\t\t\t\t\t\t\t\t\t\t\t\t\t<\/div>\n\t\t\t\t<\/div>\n\t\t\t\t<div class=\"elementor-element elementor-element-384fe1d3 elementor-widget elementor-widget-image\" data-id=\"384fe1d3\" data-element_type=\"widget\" data-settings=\"{&quot;ekit_we_effect_on&quot;:&quot;none&quot;}\" data-widget_type=\"image.default\">\n\t\t\t\t<div class=\"elementor-widget-container\">\n\t\t\t\t\t\t\t\t\t\t\t\t\t\t\t<img loading=\"lazy\" decoding=\"async\" width=\"355\" height=\"449\" src=\"https:\/\/memorableplace.shop\/wp-content\/uploads\/2026\/03\/757edf87-a18f-4de8-885a-dc1dc7259161.png\" class=\"attachment-large size-large wp-image-14112 wvs-archive-product-image\" alt=\"\" srcset=\"https:\/\/memorableplace.shop\/wp-content\/uploads\/2026\/03\/757edf87-a18f-4de8-885a-dc1dc7259161.png 355w, https:\/\/memorableplace.shop\/wp-content\/uploads\/2026\/03\/757edf87-a18f-4de8-885a-dc1dc7259161-237x300.png 237w, https:\/\/memorableplace.shop\/wp-content\/uploads\/2026\/03\/757edf87-a18f-4de8-885a-dc1dc7259161-9x12.png 9w, https:\/\/memorableplace.shop\/wp-content\/uploads\/2026\/03\/757edf87-a18f-4de8-885a-dc1dc7259161-1x1.png 1w, https:\/\/memorableplace.shop\/wp-content\/uploads\/2026\/03\/757edf87-a18f-4de8-885a-dc1dc7259161-8x10.png 8w\" sizes=\"auto, (max-width: 355px) 100vw, 355px\" \/>\t\t\t\t\t\t\t\t\t\t\t\t\t\t\t<\/div>\n\t\t\t\t<\/div>\n\t\t\t\t<div class=\"elementor-element elementor-element-79b654bf elementor-widget elementor-widget-image\" data-id=\"79b654bf\" data-element_type=\"widget\" data-settings=\"{&quot;ekit_we_effect_on&quot;:&quot;none&quot;}\" data-widget_type=\"image.default\">\n\t\t\t\t<div class=\"elementor-widget-container\">\n\t\t\t\t\t\t\t\t\t\t\t\t\t\t\t<img loading=\"lazy\" decoding=\"async\" width=\"361\" height=\"451\" src=\"https:\/\/memorableplace.shop\/wp-content\/uploads\/2026\/03\/a468f04b-ad8c-47df-b80f-37cab3041fdc.png\" class=\"attachment-large size-large wp-image-14113 wvs-archive-product-image\" alt=\"\" srcset=\"https:\/\/memorableplace.shop\/wp-content\/uploads\/2026\/03\/a468f04b-ad8c-47df-b80f-37cab3041fdc.png 361w, https:\/\/memorableplace.shop\/wp-content\/uploads\/2026\/03\/a468f04b-ad8c-47df-b80f-37cab3041fdc-240x300.png 240w, https:\/\/memorableplace.shop\/wp-content\/uploads\/2026\/03\/a468f04b-ad8c-47df-b80f-37cab3041fdc-10x12.png 10w, https:\/\/memorableplace.shop\/wp-content\/uploads\/2026\/03\/a468f04b-ad8c-47df-b80f-37cab3041fdc-1x1.png 1w, https:\/\/memorableplace.shop\/wp-content\/uploads\/2026\/03\/a468f04b-ad8c-47df-b80f-37cab3041fdc-8x10.png 8w\" sizes=\"auto, (max-width: 361px) 100vw, 361px\" \/>\t\t\t\t\t\t\t\t\t\t\t\t\t\t\t<\/div>\n\t\t\t\t<\/div>\n\t\t\t\t<div class=\"elementor-element elementor-element-54189907 elementor-widget elementor-widget-image\" data-id=\"54189907\" data-element_type=\"widget\" data-settings=\"{&quot;ekit_we_effect_on&quot;:&quot;none&quot;}\" data-widget_type=\"image.default\">\n\t\t\t\t<div class=\"elementor-widget-container\">\n\t\t\t\t\t\t\t\t\t\t\t\t\t\t\t<img loading=\"lazy\" decoding=\"async\" width=\"357\" height=\"451\" src=\"https:\/\/memorableplace.shop\/wp-content\/uploads\/2026\/03\/ccc9c5a7-e33f-4571-82b8-d0b911d4de6d.png\" class=\"attachment-large size-large wp-image-14114 wvs-archive-product-image\" alt=\"\" srcset=\"https:\/\/memorableplace.shop\/wp-content\/uploads\/2026\/03\/ccc9c5a7-e33f-4571-82b8-d0b911d4de6d.png 357w, https:\/\/memorableplace.shop\/wp-content\/uploads\/2026\/03\/ccc9c5a7-e33f-4571-82b8-d0b911d4de6d-237x300.png 237w, https:\/\/memorableplace.shop\/wp-content\/uploads\/2026\/03\/ccc9c5a7-e33f-4571-82b8-d0b911d4de6d-9x12.png 9w, https:\/\/memorableplace.shop\/wp-content\/uploads\/2026\/03\/ccc9c5a7-e33f-4571-82b8-d0b911d4de6d-1x1.png 1w, https:\/\/memorableplace.shop\/wp-content\/uploads\/2026\/03\/ccc9c5a7-e33f-4571-82b8-d0b911d4de6d-8x10.png 8w\" sizes=\"auto, (max-width: 357px) 100vw, 357px\" \/>\t\t\t\t\t\t\t\t\t\t\t\t\t\t\t<\/div>\n\t\t\t\t<\/div>\n\t\t\t\t<div class=\"elementor-element elementor-element-6619c20b elementor-widget elementor-widget-image\" data-id=\"6619c20b\" data-element_type=\"widget\" data-settings=\"{&quot;ekit_we_effect_on&quot;:&quot;none&quot;}\" data-widget_type=\"image.default\">\n\t\t\t\t<div class=\"elementor-widget-container\">\n\t\t\t\t\t\t\t\t\t\t\t\t\t\t\t<img loading=\"lazy\" decoding=\"async\" width=\"360\" height=\"452\" src=\"https:\/\/memorableplace.shop\/wp-content\/uploads\/2026\/03\/856ced34-1438-4ea5-b2ac-09ecfe9701af.png\" class=\"attachment-large size-large wp-image-14115 wvs-archive-product-image\" alt=\"\" srcset=\"https:\/\/memorableplace.shop\/wp-content\/uploads\/2026\/03\/856ced34-1438-4ea5-b2ac-09ecfe9701af.png 360w, https:\/\/memorableplace.shop\/wp-content\/uploads\/2026\/03\/856ced34-1438-4ea5-b2ac-09ecfe9701af-239x300.png 239w, https:\/\/memorableplace.shop\/wp-content\/uploads\/2026\/03\/856ced34-1438-4ea5-b2ac-09ecfe9701af-10x12.png 10w, https:\/\/memorableplace.shop\/wp-content\/uploads\/2026\/03\/856ced34-1438-4ea5-b2ac-09ecfe9701af-1x1.png 1w, https:\/\/memorableplace.shop\/wp-content\/uploads\/2026\/03\/856ced34-1438-4ea5-b2ac-09ecfe9701af-8x10.png 8w\" sizes=\"auto, (max-width: 360px) 100vw, 360px\" \/>\t\t\t\t\t\t\t\t\t\t\t\t\t\t\t<\/div>\n\t\t\t\t<\/div>\n\t\t\t\t\t<\/div>\n\t\t\t\t<\/div>\n\t\t<div class=\"elementor-element elementor-element-2c9b1e11 e-flex e-con-boxed e-con e-parent\" data-id=\"2c9b1e11\" data-element_type=\"container\" data-settings=\"{&quot;ekit_has_onepagescroll_dot&quot;:&quot;yes&quot;}\">\n\t\t\t\t\t<div class=\"e-con-inner\">\n\t\t\t\t<div class=\"elementor-element elementor-element-6ede7180 elementor-widget elementor-widget-text-editor\" data-id=\"6ede7180\" data-element_type=\"widget\" data-settings=\"{&quot;ekit_we_effect_on&quot;:&quot;none&quot;}\" data-widget_type=\"text-editor.default\">\n\t\t\t\t<div class=\"elementor-widget-container\">\n\t\t\t\t\t\t\t\t\t<!DOCTYPE html>\n<html lang=\"en\">\n<head>\n    <meta charset=\"UTF-8\">\n    <meta name=\"viewport\" content=\"width=device-width, initial-scale=1.0\">\n    <style>\n        table {\n            width: 100%;\n            border-collapse: collapse;\n        }\n        tr {\n            border-bottom: 1px solid #000;\n        }\n        td {\n            text-align: left;\n            padding: 8px 5px;\n            border: none;\n        }\n        .label {\n            font-weight: bold;\n        }\n    <\/style>\n<\/head>\n<body>\n    <table>\n        <tr>\n            <td class=\"label\">Farbe<\/td>\n            <td>Wei\u00df<\/td>\n        <\/tr>\n        <tr>\n            <td class=\"label\">Gegenstand Form<\/td>\n            <td>Creme<\/td>\n        <\/tr>\n        <tr>\n            <td class=\"label\">Artikel Volumen<\/td>\n            <td>30 Milliliter<\/td>\n        <\/tr>\n        <tr>\n            <td class=\"label\">Hauttyp<\/td>\n            <td>Alle<\/td>\n        <\/tr>\n        <tr>\n            <td class=\"label\">Wirkung der Augenbehandlung<\/td>\n            <td>Reisegr\u00f6\u00dfe<\/td>\n        <\/tr>\n    <\/table>\n<\/body>\n<\/html>\t\t\t\t\t\t\t\t<\/div>\n\t\t\t\t<\/div>\n\t\t\t\t\t<\/div>\n\t\t\t\t<\/div>\n\t\t\t\t<\/div>","protected":false},"excerpt":{"rendered":"<p>\u00dcber dieses Produkt:<\/p>\n<p>Anpassung an den Hautton: Die wertvollen Pigmente passen sich jedem Hautton an und verwandeln sich bei Anwendung in eine zweite magisch mattierende Haut. R\u00f6tungen werden abgedeckt, Unebenheiten verschwinden und dunkle Schatten unter den Augen werden sichtbar reduziert.<\/p>\n<p>Pflegt feine (Trockenheits-)F\u00e4ltchen: Wertvolle Hyalurons\u00e4ure sorgt f\u00fcr einen optischen Anti-Aging-Effekt und intensive Feuchtigkeitsversorgung. Die Haut wird optisch aufgepolstert und gegl\u00e4ttet und den ganzen Tag \u00fcber optimal mit Feuchtigkeit versorgt.<\/p>\n<p>MAKE-UP &amp; TAGESCREME IN EINEM: Ihre Pflege und Ihr Make-up in einem Produkt! Die samtig-leichte Textur bietet ein angenehmes Hautgef\u00fchl und sorgt gleichzeitig f\u00fcr einen perfekt mattierten Teint.<\/p>\n<p>Schutz vor lichtbedingter Hautalterung: Der Lichtschutzfaktor 15 sch\u00fctzt vor lichtinduzierter Hautalterung und bewahrt vor sch\u00e4dlicher UVA- und UVB-Strahlung.<\/p>","protected":false},"featured_media":14098,"comment_status":"open","ping_status":"closed","template":"","meta":{"_acf_changed":false},"etheme_brands":[],"product_brand":[],"product_cat":[118],"product_tag":[],"class_list":{"0":"post-14097","1":"product","2":"type-product","3":"status-publish","4":"has-post-thumbnail","6":"product_cat-sale-shop","8":"first","9":"instock","10":"sale","11":"shipping-taxable","12":"purchasable","13":"product-type-simple"},"acf":[],"_links":{"self":[{"href":"https:\/\/memorableplace.shop\/de\/wp-json\/wp\/v2\/product\/14097","targetHints":{"allow":["GET"]}}],"collection":[{"href":"https:\/\/memorableplace.shop\/de\/wp-json\/wp\/v2\/product"}],"about":[{"href":"https:\/\/memorableplace.shop\/de\/wp-json\/wp\/v2\/types\/product"}],"replies":[{"embeddable":true,"href":"https:\/\/memorableplace.shop\/de\/wp-json\/wp\/v2\/comments?post=14097"}],"version-history":[{"count":4,"href":"https:\/\/memorableplace.shop\/de\/wp-json\/wp\/v2\/product\/14097\/revisions"}],"predecessor-version":[{"id":14123,"href":"https:\/\/memorableplace.shop\/de\/wp-json\/wp\/v2\/product\/14097\/revisions\/14123"}],"wp:featuredmedia":[{"embeddable":true,"href":"https:\/\/memorableplace.shop\/de\/wp-json\/wp\/v2\/media\/14098"}],"wp:attachment":[{"href":"https:\/\/memorableplace.shop\/de\/wp-json\/wp\/v2\/media?parent=14097"}],"wp:term":[{"taxonomy":"brand","embeddable":true,"href":"https:\/\/memorableplace.shop\/de\/wp-json\/wp\/v2\/etheme_brands?post=14097"},{"taxonomy":"product_brand","embeddable":true,"href":"https:\/\/memorableplace.shop\/de\/wp-json\/wp\/v2\/product_brand?post=14097"},{"taxonomy":"product_cat","embeddable":true,"href":"https:\/\/memorableplace.shop\/de\/wp-json\/wp\/v2\/product_cat?post=14097"},{"taxonomy":"product_tag","embeddable":true,"href":"https:\/\/memorableplace.shop\/de\/wp-json\/wp\/v2\/product_tag?post=14097"}],"curies":[{"name":"wp","href":"https:\/\/api.w.org\/{rel}","templated":true}]}}